{"id":132,"date":"2026-03-31T16:05:47","date_gmt":"2026-03-31T16:05:47","guid":{"rendered":"https:\/\/faro.tpipoland.pl\/?page_id=132"},"modified":"2026-03-31T16:10:42","modified_gmt":"2026-03-31T16:10:42","slug":"klauzula-informacyjna","status":"publish","type":"page","link":"https:\/\/faro.tpipoland.pl\/?page_id=132","title":{"rendered":"Klauzula informacyjna"},"content":{"rendered":"\t\t<div data-elementor-type=\"wp-page\" data-elementor-id=\"132\" class=\"elementor elementor-132\" data-elementor-post-type=\"page\">\n\t\t\t\t<div class=\"elementor-element elementor-element-1d09970 e-flex e-con-boxed e-con e-parent\" data-id=\"1d09970\" data-element_type=\"container\" data-e-type=\"container\" data-settings=\"{&quot;_ek_eqh_enable&quot;:false}\">\n\t\t\t\t\t<div class=\"e-con-inner\">\n\t\t\t\t\t<\/div>\n\t\t\t\t<\/div>\n\t\t<div class=\"elementor-element elementor-element-25281e2 e-flex e-con-boxed e-con e-parent\" data-id=\"25281e2\" data-element_type=\"container\" data-e-type=\"container\" data-settings=\"{&quot;_ek_eqh_enable&quot;:false}\">\n\t\t\t\t\t<div class=\"e-con-inner\">\n\t\t\t\t<div class=\"elementor-element elementor-element-5554dc2 elementor-widget elementor-widget-heading\" data-id=\"5554dc2\" data-element_type=\"widget\" data-e-type=\"widget\" data-widget_type=\"heading.default\">\n\t\t\t\t\t<h2 class=\"elementor-heading-title elementor-size-default\">Klauzula informacyjna dotycz\u0105ca przetwarzania danych osobowych<\/h2>\t\t\t\t<\/div>\n\t\t\t\t\t<\/div>\n\t\t\t\t<\/div>\n\t\t<div class=\"elementor-element elementor-element-14dc496 e-flex e-con-boxed e-con e-parent\" data-id=\"14dc496\" data-element_type=\"container\" data-e-type=\"container\" data-settings=\"{&quot;_ek_eqh_enable&quot;:false}\">\n\t\t\t\t\t<div class=\"e-con-inner\">\n\t\t\t\t<div class=\"elementor-element elementor-element-2b5db73 elementor-widget elementor-widget-text-editor\" data-id=\"2b5db73\" data-element_type=\"widget\" data-e-type=\"widget\" data-widget_type=\"text-editor.default\">\n\t\t\t\t\t\t\t\t\t<p data-path-to-node=\"4\"><b data-path-to-node=\"4\" data-index-in-node=\"0\">Je\u017celi nie\u00a0chcesz podawa\u0107 swoich danych, skontaktuj si\u0119 z\u00a0nami mailowo i\u00a0dokonaj zakupu publikacji:\u00a0<a class=\"ng-star-inserted\" href=\"mailto:marketing@tpi.com.pl\" target=\"_blank\" rel=\"noopener\" data-hveid=\"0\" data-ved=\"0CAAQ_4QMahgKEwiM2NHWp66TAxUAAAAAHQAAAAAQrgI\">marketing@tpi.com.pl<\/a><\/b><\/p><h3 data-path-to-node=\"5\">Informacje o\u00a0przetwarzaniu danych (RODO)<\/h3><ol start=\"1\" data-path-to-node=\"6\"><li><p data-path-to-node=\"6,0,0\"><b data-path-to-node=\"6,0,0\" data-index-in-node=\"0\">Administrator danych:<\/b>\u00a0Administratorem Pa\u0144stwa danych osobowych jest\u00a0<b data-path-to-node=\"6,0,0\" data-index-in-node=\"68\">TPI sp. z\u00a0o.o.<\/b>\u00a0z\u00a0siedzib\u0105 w\u00a0Warszawie, ul.\u00a0Wa\u0142 Miedzeszy\u0144ski 598, kod 03-994.<\/p><\/li><li><p data-path-to-node=\"6,1,0\"><b data-path-to-node=\"6,1,0\" data-index-in-node=\"0\">Kontakt:<\/b>\u00a0W\u00a0sprawach zwi\u0105zanych z\u00a0przetwarzaniem Pa\u0144stwa danych, w\u00a0tym skorzystania z\u00a0przys\u0142uguj\u0105cych praw, nale\u017cy skontaktowa\u0107 si\u0119 z\u00a0Administratorem pod\u00a0adresem e-mail:\u00a0<b data-path-to-node=\"6,1,0\" data-index-in-node=\"169\"><a class=\"ng-star-inserted\" href=\"mailto:marketing@tpi.com.pl\" target=\"_blank\" rel=\"noopener\" data-hveid=\"0\" data-ved=\"0CAAQ_4QMahgKEwiM2NHWp66TAxUAAAAAHQAAAAAQrwI\">marketing@tpi.com.pl<\/a><\/b>.<\/p><\/li><li><p data-path-to-node=\"6,2,0\"><b data-path-to-node=\"6,2,0\" data-index-in-node=\"0\">Cel przetwarzania:<\/b>\u00a0Dane osobowe b\u0119d\u0105 przetwarzane w\u00a0celu wykonania umowy oraz\u00a0przesy\u0142ania tre\u015bci marketingowych.<\/p><\/li><li><p data-path-to-node=\"6,3,0\"><b data-path-to-node=\"6,3,0\" data-index-in-node=\"0\">Dobrowolno\u015b\u0107 podania danych:<\/b>\u00a0Podanie danych osobowych jest dobrowolne, ale\u00a0konieczne do\u00a0zrealizowania wskazanego celu.<\/p><\/li><li><p data-path-to-node=\"6,4,0\"><b data-path-to-node=\"6,4,0\" data-index-in-node=\"0\">Podstawa prawna:<\/b>\u00a0Przetwarzanie Pa\u0144stwa danych odbywa si\u0119 w\u00a0oparciu o\u00a0dobrowolnie wyra\u017con\u0105 zgod\u0119, kt\u00f3ra\u00a0mo\u017ce zosta\u0107 odwo\u0142ana w\u00a0dowolnym momencie bez\u00a0wp\u0142ywu na\u00a0przetwarzanie, kt\u00f3re mia\u0142o miejsce do\u00a0jej wycofania.<\/p><\/li><li><p data-path-to-node=\"6,5,0\"><b data-path-to-node=\"6,5,0\" data-index-in-node=\"0\">Pa\u0144stwa prawa:<\/b>\u00a0Maj\u0105 Pa\u0144stwa prawo do\u00a0\u017c\u0105dania od\u00a0Administratora dost\u0119pu do\u00a0swoich danych osobowych, ich sprostowania, usuni\u0119cia lub ograniczeni<span class=\"citation-2 citation-3 citation-end-3\">a\u00a0przetwarzania, prawo do\u00a0wniesienia sprzeciwu wobec przetwarzania, a\u00a0tak\u017ce prawo do\u00a0\u017c\u0105dania przenoszenia danych, przy czym realizacja ka\u017cdego z\u00a0praw b\u0119dzie przys\u0142ugiwa\u0142a w\u00a0przypadkach i\u00a0na\u00a0zasadach okr<\/span><span class=\"citation-2 citation-end-2\">e\u015blonych w\u00a0art. 15-22<\/span>\u00a0RODO.<\/p><\/li><li><p data-path-to-node=\"6,6,0\"><b data-path-to-node=\"6,6,0\" data-index-in-node=\"0\">Okres przechowywania:<\/b>\u00a0Dane b\u0119d\u0105 przetwarzane do\u00a0czasu wycofania zgody lub ustania celu przetwarzania.<\/p><\/li><li><p data-path-to-node=\"6,7,0\"><b data-path-to-node=\"6,7,0\" data-index-in-node=\"0\">Odbiorcy danych:<\/b>\u00a0Pa\u0144stwa dane mog\u0105 by\u0107 udost\u0119pniane podmiotom uprawnionym do\u00a0tego na\u00a0podstawie prawa, pracownikom i\u00a0reprezentantom Administratora, dostawcom poczty email, a\u00a0tak\u017ce podmiotom przetwarzaj\u0105cym dane osobowe na\u00a0podstawie umowy przetwarzania danych osobowych.<\/p><\/li><li><p data-path-to-node=\"6,8,0\"><b data-path-to-node=\"6,8,0\" data-index-in-node=\"0\">Przekazywanie danych:<\/b>\u00a0Pa\u0144stwa dane nie\u00a0b\u0119d\u0105 przekazywane do\u00a0pa\u0144stwa trzeciego\/organizacji mi\u0119dzynarodowej.<\/p><\/li><li><p data-path-to-node=\"6,9,0\"><b data-path-to-node=\"6,9,0\" data-index-in-node=\"0\">Profilowanie:<\/b>\u00a0Pa\u0144stwa dane nie\u00a0b\u0119d\u0105 podlega\u0142y profilowaniu.<\/p><\/li><li><p data-path-to-node=\"6,10,0\"><b data-path-to-node=\"6,10,0\" data-index-in-node=\"0\">Prawo do\u00a0skargi:<\/b>\u00a0Przys\u0142uguje Pa\u0144stwu prawo do\u00a0wniesienia skargi do\u00a0Prezesa UODO na\u00a0przetwarzanie realizowane przez\u00a0Administratora.<\/p><\/li><\/ol>\t\t\t\t\t\t\t\t<\/div>\n\t\t\t\t\t<\/div>\n\t\t\t\t<\/div>\n\t\t\t\t<\/div>\n\t\t","protected":false},"excerpt":{"rendered":"<p>Klauzula informacyjna dotycz\u0105ca przetwarzania danych osobowych Je\u017celi nie\u00a0chcesz podawa\u0107 swoich danych, skontaktuj si\u0119 z\u00a0nami mailowo i\u00a0dokonaj zakupu publikacji:\u00a0marketing@tpi.com.pl Informacje o\u00a0przetwarzaniu danych (RODO) Administrator danych:\u00a0Administratorem Pa\u0144stwa danych osobowych jest\u00a0TPI sp. z\u00a0o.o.\u00a0z\u00a0siedzib\u0105 w\u00a0Warszawie, ul.\u00a0Wa\u0142 Miedzeszy\u0144ski 598, kod 03-994. Kontakt:\u00a0W\u00a0sprawach zwi\u0105zanych z\u00a0przetwarzaniem Pa\u0144stwa danych, w\u00a0tym skorzystania z\u00a0przys\u0142uguj\u0105cych praw, nale\u017cy skontaktowa\u0107 si\u0119 z\u00a0Administratorem pod\u00a0adresem e-mail:\u00a0marketing@tpi.com.pl. Cel przetwarzania:\u00a0Dane osobowe b\u0119d\u0105&#8230;<\/p>\n","protected":false},"author":1,"featured_media":0,"parent":0,"menu_order":0,"comment_status":"closed","ping_status":"closed","template":"elementor_canvas","meta":{"footnotes":""},"class_list":["post-132","page","type-page","status-publish","hentry"],"_links":{"self":[{"href":"https:\/\/faro.tpipoland.pl\/index.php?rest_route=\/wp\/v2\/pages\/132","targetHints":{"allow":["GET"]}}],"collection":[{"href":"https:\/\/faro.tpipoland.pl\/index.php?rest_route=\/wp\/v2\/pages"}],"about":[{"href":"https:\/\/faro.tpipoland.pl\/index.php?rest_route=\/wp\/v2\/types\/page"}],"author":[{"embeddable":true,"href":"https:\/\/faro.tpipoland.pl\/index.php?rest_route=\/wp\/v2\/users\/1"}],"replies":[{"embeddable":true,"href":"https:\/\/faro.tpipoland.pl\/index.php?rest_route=%2Fwp%2Fv2%2Fcomments&post=132"}],"version-history":[{"count":4,"href":"https:\/\/faro.tpipoland.pl\/index.php?rest_route=\/wp\/v2\/pages\/132\/revisions"}],"predecessor-version":[{"id":136,"href":"https:\/\/faro.tpipoland.pl\/index.php?rest_route=\/wp\/v2\/pages\/132\/revisions\/136"}],"wp:attachment":[{"href":"https:\/\/faro.tpipoland.pl\/index.php?rest_route=%2Fwp%2Fv2%2Fmedia&parent=132"}],"curies":[{"name":"wp","href":"https:\/\/api.w.org\/{rel}","templated":true}]}}